{"id":1833,"date":"2024-04-18T04:43:02","date_gmt":"2024-04-18T04:43:02","guid":{"rendered":"https:\/\/mytradingfl.com\/privacy-policy\/"},"modified":"2024-05-31T16:18:07","modified_gmt":"2024-05-31T16:18:07","slug":"politica-de-privacidad-de-my-trading-florida-inc","status":"publish","type":"page","link":"https:\/\/mytradingfl.com\/es\/politica-de-privacidad-de-my-trading-florida-inc\/","title":{"rendered":"Pol\u00edtica de privacidad de My Trading Florida Inc."},"content":{"rendered":"\t\t<div data-elementor-type=\"wp-page\" data-elementor-id=\"1833\" class=\"elementor elementor-1833 elementor-3\" data-elementor-post-type=\"page\">\n\t\t\t\t<div class=\"elementor-element elementor-element-4be82419 e-flex e-con-boxed e-con e-parent\" data-id=\"4be82419\" data-element_type=\"container\" data-e-type=\"container\">\n\t\t\t\t\t<div class=\"e-con-inner\">\n\t\t\t\t<div class=\"elementor-element elementor-element-6d750168 elementor-widget elementor-widget-text-editor\" data-id=\"6d750168\" data-element_type=\"widget\" data-e-type=\"widget\" data-widget_type=\"text-editor.default\">\n\t\t\t\t<div class=\"elementor-widget-container\">\n\t\t\t\t\t\t\t\t\t<p><strong>\u00da<\/strong><strong>ltima actualizaci\u00f3n: 2 de mayo de 2024<\/strong><\/p><p>\u00a0<\/p><p>Esta Pol\u00edtica de privacidad describe c\u00f3mo my trading Florida Inc recopila, utiliza y divulga su informaci\u00f3n personal cuando visita, utiliza nuestros servicios o realiza una compra en https:\/\/mytradingfl.com o se comunica con nosotros de otro modo de forma colectiva. A los efectos de esta Pol\u00edtica de Privacidad, &#8220;usted&#8221; y &#8220;su&#8221; significan usted como usuario de los Servicios, ya sea un cliente, un visitante del sitio web u otra persona cuya informaci\u00f3n hayamos recopilado de conformidad con esta Pol\u00edtica de Privacidad.<\/p><p>\u00a0<\/p><p>Lea atentamente esta Pol\u00edtica de privacidad. Al utilizar y acceder a cualquiera de los Servicios, usted acepta la recopilaci\u00f3n, el uso y la divulgaci\u00f3n de su informaci\u00f3n como se describe en esta Pol\u00edtica de Privacidad. Si no est\u00e1 de acuerdo con esta Pol\u00edtica de Privacidad, no utilice ni acceda a ninguno de los Servicios.<\/p><p>\u00a0<\/p><p>Cambios a esta pol\u00edtica de privacidad<\/p><p>\u00a0<\/p><p>Podemos actualizar esta Pol\u00edtica de Privacidad de vez en cuando, incluso para reflejar cambios en nuestras pr\u00e1cticas o por otras razones operativas, legales o regulatorias. Publicaremos la Pol\u00edtica de Privacidad revisada en el Sitio, actualizaremos la fecha de &#8220;\u00daltima actualizaci\u00f3n&#8221; y tomaremos otras medidas requeridas por la ley aplicable.<\/p><p>\u00a0<\/p><p>C\u00f3mo recopilamos y utilizamos su informaci\u00f3n personal<\/p><p>\u00a0<\/p><p>Para proporcionar los Servicios, recopilamos informaci\u00f3n personal sobre usted de una variedad de fuentes, como se establece a continuaci\u00f3n. La informaci\u00f3n que recopilamos y utilizamos var\u00eda dependiendo de c\u00f3mo interact\u00faa con nosotros.<\/p><p>\u00a0<\/p><p>Qu\u00e9 informaci\u00f3n personal recopilamos<\/p><p>\u00a0<\/p><p>Los tipos de informaci\u00f3n personal que obtenemos sobre usted dependen de c\u00f3mo interact\u00faa con nuestro Sitio y utiliza nuestros Servicios. Cuando utilizamos el t\u00e9rmino &#8220;informaci\u00f3n personal&#8221;, nos referimos a informaci\u00f3n que lo identifica, se relaciona, describe o puede asociarse con usted. Las siguientes secciones describen las categor\u00edas y tipos espec\u00edficos de informaci\u00f3n personal que recopilamos.<\/p><p>\u00a0<\/p><p>Informaci\u00f3n que recopilamos directamente de usted<\/p><p>\u00a0<\/p><p>La informaci\u00f3n que nos env\u00eda directamente a trav\u00e9s de nuestros Servicios puede incluir:<\/p><p>\u00a0<\/p><p>&#8211; Datos de contacto b\u00e1sicos, incluido su nombre, direcci\u00f3n, n\u00famero de tel\u00e9fono y correo electr\u00f3nico.<\/p><p>&#8211; Informaci\u00f3n del pedido, incluido su nombre, direcci\u00f3n de facturaci\u00f3n, direcci\u00f3n de env\u00edo, confirmaci\u00f3n de pago, direcci\u00f3n de correo electr\u00f3nico y n\u00famero de tel\u00e9fono.<\/p><p>&#8211; Informaci\u00f3n de atenci\u00f3n al cliente, incluida la informaci\u00f3n que usted elige incluir en las comunicaciones con nosotros, por ejemplo, al enviar un mensaje a trav\u00e9s de los Servicios.<\/p><p>\u00a0<\/p><p>Algunas caracter\u00edsticas de los Servicios pueden requerir que usted nos proporcione directamente cierta informaci\u00f3n sobre usted. Puede optar por no proporcionar esta informaci\u00f3n, pero hacerlo puede impedirle usar o acceder a estas funciones.<\/p><p>\u00a0<\/p><p>Informaci\u00f3n que recopilamos a trav\u00e9s de cookies<\/p><p>\u00a0<\/p><p>Tambi\u00e9n recopilamos autom\u00e1ticamente cierta informaci\u00f3n sobre su interacci\u00f3n con los Servicios (&#8220;Datos de uso&#8221;). Para ello, podemos utilizar cookies, p\u00edxeles y tecnolog\u00edas similares (&#8220;Cookies&#8221;). Los Datos de uso pueden incluir informaci\u00f3n sobre c\u00f3mo accede y utiliza nuestro Sitio y su cuenta, incluida informaci\u00f3n del dispositivo, informaci\u00f3n del navegador, informaci\u00f3n sobre su conexi\u00f3n de red, su direcci\u00f3n IP y otra informaci\u00f3n sobre su interacci\u00f3n con los Servicios.<\/p><p>\u00a0<\/p><p>Informaci\u00f3n que obtenemos de terceros<\/p><p>\u00a0<\/p><p>Finalmente, podemos obtener informaci\u00f3n sobre usted de terceros, incluidos vendedores y proveedores de servicios que pueden recopilar informaci\u00f3n en nuestro nombre, como por ejemplo:<\/p><p>\u00a0<\/p><p>&#8211; Empresas que respaldan nuestro Sitio y Servicios.<\/p><p>&#8211; Nuestros procesadores de pagos, que recopilan informaci\u00f3n de pago (por ejemplo, cuenta bancaria, informaci\u00f3n de tarjeta de cr\u00e9dito o d\u00e9bito, direcci\u00f3n de facturaci\u00f3n) para procesar su pago con el fin de cumplir con sus pedidos y brindarle los productos o servicios que ha solicitado, para poder realizar nuestro contrato con usted.<\/p><p>&#8211; Cuando visita nuestro Sitio, abre o hace clic en los correos electr\u00f3nicos que le enviamos, o interact\u00faa con nuestros Servicios o anuncios, nosotros, o los terceros con los que trabajamos, podemos recopilar autom\u00e1ticamente cierta informaci\u00f3n utilizando tecnolog\u00edas de seguimiento en l\u00ednea, como p\u00edxeles, balizas web y software. kits de desarrollador, bibliotecas de terceros y cookies.<\/p><p>\u00a0<\/p><p>Cualquier informaci\u00f3n que obtengamos de terceros ser\u00e1 tratada de acuerdo con esta Pol\u00edtica de Privacidad. No somos responsables de la exactitud de la informaci\u00f3n que nos proporcionan terceros y no somos responsables de las pol\u00edticas o pr\u00e1cticas de ning\u00fan tercero.<\/p><p>\u00a0<\/p><p>C\u00f3mo usamos tu informaci\u00f3n personal<\/p><p>\u00a0<\/p><p>&#8211; Proporcionar Productos y Servicios. Usamos su informaci\u00f3n personal para brindarle los Servicios con el fin de ejecutar nuestro contrato con usted, incluso para procesar sus pagos, cumplir con sus pedidos, enviarle notificaciones relacionadas con su cuenta, compras, devoluciones, cambios u otras transacciones, para crear, mantener y administrar su cuenta, organizar el env\u00edo, facilitar cualquier devoluci\u00f3n o cambio y permitirle publicar rese\u00f1as.<\/p><p>&#8211; Marketing y publicidad. Utilizamos su informaci\u00f3n personal con fines promocionales y de marketing, como para enviarle comunicaciones promocionales, publicitarias y de marketing por correo electr\u00f3nico, mensaje de texto o correo postal, y para mostrarle anuncios de productos o servicios. Esto puede incluir el uso de su informaci\u00f3n personal para adaptar mejor los Servicios y la publicidad en nuestro Sitio y otros sitios web.<\/p><p>&#8211; Seguridad y Prevenci\u00f3n de Fraude. Utilizamos su informaci\u00f3n personal para detectar, investigar o tomar medidas respecto de posibles actividades fraudulentas, ilegales o maliciosas. Si elige utilizar los Servicios y registrar una cuenta, usted es responsable de mantener seguras las credenciales de su cuenta. Le recomendamos encarecidamente que no comparta su nombre de usuario, contrase\u00f1a u otros detalles de acceso con nadie m\u00e1s. Si cree que su cuenta ha sido comprometida, cont\u00e1ctenos de inmediato.<\/p><p>Comunic\u00e1ndonos contigo. Utilizamos su informaci\u00f3n personal para brindarle atenci\u00f3n al cliente y mejorar nuestros Servicios.<\/p><p>\u00a0<\/p><p>\u00a0<\/p><p>CooKies<\/p><p>\u00a0<\/p><p>Usamos Cookies para potenciar y mejorar nuestro Sitio y nuestros Servicios (incluso para recordar sus acciones y preferencias), para ejecutar an\u00e1lisis y comprender mejor la interacci\u00f3n del usuario con los Servicios (en nuestro inter\u00e9s leg\u00edtimo de administrar, mejorar y optimizar los Servicios). Tambi\u00e9n podemos permitir que terceros y proveedores de servicios utilicen cookies en nuestro Sitio para personalizar mejor los servicios, productos y publicidad en nuestro Sitio y otros sitios web.<\/p><p>\u00a0<\/p><p>La mayor\u00eda de los navegadores aceptan cookies autom\u00e1ticamente de forma predeterminada, pero usted puede optar por configurar su navegador para que elimine o rechace las cookies a trav\u00e9s de los controles de su navegador. Tenga en cuenta que eliminar o bloquear las Cookies puede afectar negativamente su experiencia de usuario y puede hacer que algunos de los Servicios, incluidas ciertas caracter\u00edsticas y funcionalidad general, funcionen incorrectamente o dejen de estar disponibles. Adem\u00e1s, es posible que el bloqueo de Cookies no impida por completo la forma en que compartimos informaci\u00f3n con terceros, como nuestros socios publicitarios.<\/p><p>\u00a0<\/p><p>\u00a0<\/p><p>\u00a0<\/p><p>\u00a0<\/p><p>C\u00f3mo divulgamos informaci\u00f3n personal<\/p><p>\u00a0<\/p><p>En determinadas circunstancias, podemos revelar su informaci\u00f3n personal a terceros con fines leg\u00edtimos sujetos a esta Pol\u00edtica de Privacidad. Tales circunstancias pueden incluir:<\/p><p>\u00a0<\/p><p>&#8211; Con proveedores u otros terceros que prestan servicios en nuestro nombre (por ejemplo, gesti\u00f3n de TI, procesamiento de pagos, an\u00e1lisis de datos, atenci\u00f3n al cliente, almacenamiento en la nube, cumplimiento y env\u00edo).<\/p><p>&#8211; Con socios comerciales y de marketing, para brindarle servicios y publicitarle. Nuestros socios comerciales y de marketing utilizar\u00e1n su informaci\u00f3n de acuerdo con sus propios avisos de privacidad.<\/p><p>&#8211; Cuando usted nos indique, solicite o de otro modo consienta que divulguemos cierta informaci\u00f3n a terceros, como para enviarle productos o mediante el uso de widgets de redes sociales o integraciones de inicio de sesi\u00f3n, con su consentimiento.<\/p><p>\u00a0<\/p><p>&#8211; Con nuestras filiales o de otro modo dentro de nuestro grupo empresarial, en nuestro inter\u00e9s leg\u00edtimo de gestionar un negocio exitoso.<\/p><p>&#8211; En relaci\u00f3n con una transacci\u00f3n comercial como una fusi\u00f3n o quiebra, para cumplir con las obligaciones legales aplicables (incluso para responder a citaciones, \u00f3rdenes de registro y solicitudes similares), para hacer cumplir los t\u00e9rminos de servicio aplicables y para proteger o defender los Servicios. , nuestros derechos y los derechos de nuestros usuarios u otros.<\/p><p>\u00a0<\/p><p>Hemos divulgado las siguientes categor\u00edas de informaci\u00f3n personal e informaci\u00f3n personal confidencial (indicada por *) sobre los usuarios para los fines establecidos anteriormente en &#8220;C\u00f3mo recopilamos y utilizamos su informaci\u00f3n personal&#8221; y &#8220;C\u00f3mo divulgamos informaci\u00f3n personal&#8221;:<\/p><p>\u00a0<\/p><p>Categor\u00eda:<\/p><p>\u00a0<\/p><p>&#8211; Identificadores como datos de contacto b\u00e1sicos y cierta informaci\u00f3n de pedido y cuenta.<\/p><p>&#8211; Informaci\u00f3n comercial, como informaci\u00f3n de pedidos, informaci\u00f3n de compras e informaci\u00f3n de atenci\u00f3n al cliente.<\/p><p>&#8211; Internet u otra actividad de red similar, como datos de uso<\/p><p>\u00a0<\/p><p>Categor\u00edas de Destinatarios:<\/p><p>\u00a0<\/p><p>&#8211; Proveedores y terceros que prestan servicios en nuestro nombre (como proveedores de servicios de Internet, procesadores de pagos, socios de cumplimiento, socios de atenci\u00f3n al cliente y proveedores de an\u00e1lisis de datos)<\/p><p>&#8211; Socios comerciales y de marketing.<\/p><ul><li>Afiliados<\/li><\/ul><p>\u00a0<\/p><p>Hemos &#8220;vendido&#8221; y &#8220;compartido&#8221; (como se definen esos t\u00e9rminos en la ley aplicable) informaci\u00f3n personal con el fin de participar en actividades de publicidad y marketing, de la siguiente manera.<\/p><p>\u00a0<\/p><p>Categor\u00eda de informaci\u00f3n personal<\/p><p>\u00a0<\/p><p>&#8211; Identificadores como datos de contacto b\u00e1sicos y cierta informaci\u00f3n de pedido y cuenta.<\/p><p>&#8211; Informaci\u00f3n comercial como registros de productos o servicios adquiridos e informaci\u00f3n de compras.<\/p><p>&#8211; Internet u otra actividad de red similar, como datos de uso<\/p><p>\u00a0<\/p><p>Categor\u00edas de destinatarios<\/p><p>\u00a0<\/p><p>&#8211; Socios comerciales y de marketing.<\/p><p>\u00a0<\/p><p>Contenido generado por el usuario<\/p><p>\u00a0<\/p><p>Los Servicios pueden permitirle publicar rese\u00f1as de productos y otro contenido generado por el usuario. Si elige enviar contenido generado por el usuario a cualquier \u00e1rea p\u00fablica de los Servicios, este contenido ser\u00e1 p\u00fablico y accesible para cualquier persona.<\/p><p>\u00a0<\/p><p>No controlamos qui\u00e9n tendr\u00e1 acceso a la informaci\u00f3n que usted elige poner a disposici\u00f3n de otros y no podemos garantizar que las partes que tengan acceso a dicha informaci\u00f3n respeten su privacidad o la mantengan segura. No somos responsables de la privacidad o seguridad de ninguna informaci\u00f3n que usted ponga a disposici\u00f3n del p\u00fablico, ni de la exactitud, uso o mal uso de cualquier informaci\u00f3n que revele o reciba de terceros.<\/p><p>\u00a0<\/p><p>Datos de los ni\u00f1os<\/p><p>\u00a0<\/p><p>Los Servicios no est\u00e1n destinados a ser utilizados por ni\u00f1os y no recopilamos intencionalmente ninguna informaci\u00f3n personal sobre ni\u00f1os. Si usted es el padre o tutor de un ni\u00f1o que nos ha proporcionado su informaci\u00f3n personal, puede comunicarse con nosotros utilizando los datos de contacto que se indican a continuaci\u00f3n para solicitar que se eliminen.<\/p><p>\u00a0<\/p><p>A partir de la Fecha de entrada en vigor de esta Pol\u00edtica de privacidad, no tenemos conocimiento real de que &#8220;compartimos&#8221; o &#8220;vendemos&#8221; (como se definen esos t\u00e9rminos en la ley aplicable) informaci\u00f3n personal de personas menores de 16 a\u00f1os.<\/p><p>\u00a0<\/p><p>Seguridad y retenci\u00f3n de su informaci\u00f3n<\/p><p>\u00a0<\/p><p>Tenga en cuenta que ninguna medida de seguridad es perfecta o impenetrable y no podemos garantizar una &#8220;seguridad perfecta&#8221;. Adem\u00e1s, es posible que la informaci\u00f3n que nos env\u00ede no est\u00e9 segura mientras est\u00e9 en tr\u00e1nsito. Le recomendamos que no utilice canales no seguros para comunicarnos informaci\u00f3n sensible o confidencial.<\/p><p>\u00a0<\/p><p>El tiempo que conservamos su informaci\u00f3n personal depende de diferentes factores, como si necesitamos la informaci\u00f3n para mantener su cuenta, proporcionar los Servicios, cumplir con obligaciones legales, resolver disputas o hacer cumplir otros contratos y pol\u00edticas aplicables.<\/p><p>\u00a0<\/p><p>Sus derechos y opciones<\/p><p>\u00a0<\/p><p>Dependiendo de d\u00f3nde viva, es posible que tenga algunos o todos los derechos que se enumeran a continuaci\u00f3n en relaci\u00f3n con su informaci\u00f3n personal. Sin embargo, estos derechos no son absolutos, pueden aplicarse solo en determinadas circunstancias y, en determinados casos, podemos rechazar su solicitud seg\u00fan lo permita la ley.<\/p><p>\u00a0<\/p><p>&#8211; Derecho de Acceso \/ Saber. Es posible que tenga derecho a solicitar acceso a la informaci\u00f3n personal que tenemos sobre usted, incluidos detalles relacionados con las formas en que usamos y compartimos su informaci\u00f3n.<\/p><p>&#8211; Derecho a Suprimir. Es posible que tenga derecho a solicitar que eliminemos la informaci\u00f3n personal que mantenemos sobre usted.<\/p><p>&#8211; Derecho a corregir. Es posible que tenga derecho a solicitar que corrijamos la informaci\u00f3n personal inexacta que mantenemos sobre usted.<\/p><p>&#8211; Derecho de Portabilidad. Es posible que tenga derecho a recibir una copia de la informaci\u00f3n personal que tenemos sobre usted y a solicitar que la transfiramos a un tercero, en determinadas circunstancias y con determinadas excepciones.<\/p><p>&#8211; Derecho a optar por no vender, compartir o publicidad dirigida. Es posible que tenga derecho a indicarnos que no &#8220;vendamos&#8221; ni &#8220;compartamos&#8221; su informaci\u00f3n personal o que optemos por no procesar su informaci\u00f3n personal para fines considerados &#8220;publicidad dirigida&#8221;, seg\u00fan se define en las leyes de privacidad aplicables. Tenga en cuenta que si visita nuestro Sitio con la se\u00f1al de preferencia de exclusi\u00f3n voluntaria del Control de privacidad global habilitada, dependiendo de d\u00f3nde se encuentre, autom\u00e1ticamente lo trataremos como una solicitud para optar por no participar en la &#8220;venta&#8221; o &#8220;compartir&#8221; informaci\u00f3n para el dispositivo y el navegador que utiliza para visitar el Sitio.<\/p><p>&#8211; Derecho a limitar y\/u optar por no utilizar y divulgar informaci\u00f3n personal confidencial. Es posible que tenga derecho a indicarnos que limitemos nuestro uso y\/o divulgaci\u00f3n de informaci\u00f3n personal confidencial solo a lo que sea necesario para realizar los Servicios o proporcionar los bienes que un individuo promedio espera razonablemente.<\/p><p>&#8211; Restricci\u00f3n del procesamiento: puede tener derecho a solicitarnos que detengamos o restrinjamos nuestro procesamiento de informaci\u00f3n personal.<\/p><p>&#8211; Retirada del consentimiento: cuando dependamos del consentimiento para procesar su informaci\u00f3n personal, es posible que tenga derecho a retirar este consentimiento.<\/p><p>&#8211; Apelaci\u00f3n: es posible que tenga derecho a apelar nuestra decisi\u00f3n si nos negamos a procesar su solicitud. Puedes hacerlo respondiendo directamente a nuestro desmentido.<\/p><p>&#8211; Gesti\u00f3n de preferencias de comunicaci\u00f3n: podemos enviarle correos electr\u00f3nicos promocionales y usted puede optar por no recibirlos en cualquier momento utilizando la opci\u00f3n para cancelar la suscripci\u00f3n que se muestra en los correos electr\u00f3nicos que le enviamos. Si opta por no participar, es posible que a\u00fan le enviemos correos electr\u00f3nicos no promocionales, como aquellos sobre su cuenta o los pedidos que haya realizado.<\/p><p>\u00a0<\/p><p>Puede ejercer cualquiera de estos derechos donde se indica en nuestro Sitio o comunic\u00e1ndose con nosotros utilizando los datos de contacto que se proporcionan a continuaci\u00f3n.<\/p><p>\u00a0<\/p><p>No lo discriminaremos por ejercer cualquiera de estos derechos. Es posible que necesitemos recopilar informaci\u00f3n suya para verificar su identidad, como su direcci\u00f3n de correo electr\u00f3nico o informaci\u00f3n de su cuenta, antes de brindar una respuesta sustancial a la solicitud. De acuerdo con las leyes aplicables, usted puede designar a un agente autorizado para realizar solicitudes en su nombre para ejercer sus derechos. Antes de aceptar dicha solicitud de un agente, le exigiremos que proporcione prueba de que usted le ha autorizado a actuar en su nombre y es posible que necesitemos que verifique su identidad directamente con nosotros. Responderemos a su solicitud de manera oportuna seg\u00fan lo exige la ley aplicable.<\/p><p>\u00a0<\/p><p>Quejas<\/p><p>\u00a0<\/p><p>Si tiene quejas sobre c\u00f3mo procesamos su informaci\u00f3n personal, comun\u00edquese con nosotros utilizando los datos de contacto que se proporcionan a continuaci\u00f3n. Si no est\u00e1 satisfecho con nuestra respuesta a su queja, dependiendo de d\u00f3nde viva, puede tener derecho a apelar nuestra decisi\u00f3n comunic\u00e1ndose con nosotros utilizando los datos de contacto que se indican a continuaci\u00f3n, o presentar su queja ante su autoridad local de protecci\u00f3n de datos.<\/p><p>\u00a0<\/p><p>Usuarios internacionales<\/p><p>\u00a0<\/p><p>Tenga en cuenta que podemos transferir, almacenar y procesar su informaci\u00f3n personal fuera del pa\u00eds en el que vive, incluido Estados Unidos. Su informaci\u00f3n personal tambi\u00e9n es procesada por el personal y proveedores de servicios externos y socios en estos pa\u00edses.<\/p><p>Si transferimos su informaci\u00f3n personal fuera de Europa, nos basaremos en mecanismos de transferencia reconocidos, como las Cl\u00e1usulas Contractuales Est\u00e1ndar de la Comisi\u00f3n Europea, o cualquier contrato equivalente emitido por la autoridad competente del Reino Unido, seg\u00fan corresponda, a menos que la transferencia de datos sea a un pa\u00eds. que se ha determinado que proporciona un nivel adecuado de protecci\u00f3n.<\/p><p>\u00a0<\/p><p>\u00a0<\/p><p>\u00a0<\/p><p>Contacto<\/p><p>\u00a0<\/p><p>Si tiene alguna pregunta sobre nuestras pr\u00e1cticas de privacidad o esta Pol\u00edtica de privacidad, o si desea ejercer cualquiera de los derechos disponibles para usted, env\u00edenos un correo electr\u00f3nico a info@mytradingfl.com o cont\u00e1ctenos en 5125 NW 165th St, Miami Lakes. FL, 33014, Estados Unidos.<\/p><p>\u00a0<\/p><p><strong>\u00a0<\/strong><\/p>\t\t\t\t\t\t\t\t<\/div>\n\t\t\t\t<\/div>\n\t\t\t\t\t<\/div>\n\t\t\t\t<\/div>\n\t\t\t\t<\/div>\n\t\t","protected":false},"excerpt":{"rendered":"<p>\u00daltima actualizaci\u00f3n: 2 de mayo de 2024 \u00a0 Esta Pol\u00edtica de privacidad describe c\u00f3mo my trading Florida Inc recopila, utiliza y divulga su informaci\u00f3n personal cuando visita, utiliza nuestros servicios o realiza una compra en https:\/\/mytradingfl.com o se comunica con nosotros de otro modo de forma colectiva. A los efectos de esta Pol\u00edtica de Privacidad, [&hellip;]<\/p>\n","protected":false},"author":1,"featured_media":0,"parent":0,"menu_order":0,"comment_status":"closed","ping_status":"open","template":"","meta":{"site-sidebar-layout":"default","site-content-layout":"","ast-site-content-layout":"default","site-content-style":"default","site-sidebar-style":"default","ast-global-header-display":"","ast-banner-title-visibility":"","ast-main-header-display":"","ast-hfb-above-header-display":"","ast-hfb-below-header-display":"","ast-hfb-mobile-header-display":"","site-post-title":"","ast-breadcrumbs-content":"","ast-featured-img":"","footer-sml-layout":"","ast-disable-related-posts":"","theme-transparent-header-meta":"","adv-header-id-meta":"","stick-header-meta":"","header-above-stick-meta":"","header-main-stick-meta":"","header-below-stick-meta":"","astra-migrate-meta-layouts":"set","ast-page-background-enabled":"default","ast-page-background-meta":{"desktop":{"background-color":"","background-image":"","background-repeat":"repeat","background-position":"center center","background-size":"auto","background-attachment":"scroll","background-type":"","background-media":"","overlay-type":"","overlay-color":"","overlay-opacity":"","overlay-gradient":""},"tablet":{"background-color":"","background-image":"","background-repeat":"repeat","background-position":"center center","background-size":"auto","background-attachment":"scroll","background-type":"","background-media":"","overlay-type":"","overlay-color":"","overlay-opacity":"","overlay-gradient":""},"mobile":{"background-color":"","background-image":"","background-repeat":"repeat","background-position":"center center","background-size":"auto","background-attachment":"scroll","background-type":"","background-media":"","overlay-type":"","overlay-color":"","overlay-opacity":"","overlay-gradient":""}},"ast-content-background-meta":{"desktop":{"background-color":"var(--ast-global-color-5)","background-image":"","background-repeat":"repeat","background-position":"center center","background-size":"auto","background-attachment":"scroll","background-type":"","background-media":"","overlay-type":"","overlay-color":"","overlay-opacity":"","overlay-gradient":""},"tablet":{"background-color":"var(--ast-global-color-5)","background-image":"","background-repeat":"repeat","background-position":"center center","background-size":"auto","background-attachment":"scroll","background-type":"","background-media":"","overlay-type":"","overlay-color":"","overlay-opacity":"","overlay-gradient":""},"mobile":{"background-color":"var(--ast-global-color-5)","background-image":"","background-repeat":"repeat","background-position":"center center","background-size":"auto","background-attachment":"scroll","background-type":"","background-media":"","overlay-type":"","overlay-color":"","overlay-opacity":"","overlay-gradient":""}},"_joinchat":[],"footnotes":""},"class_list":["post-1833","page","type-page","status-publish","hentry"],"aioseo_notices":[],"_links":{"self":[{"href":"https:\/\/mytradingfl.com\/es\/wp-json\/wp\/v2\/pages\/1833","targetHints":{"allow":["GET"]}}],"collection":[{"href":"https:\/\/mytradingfl.com\/es\/wp-json\/wp\/v2\/pages"}],"about":[{"href":"https:\/\/mytradingfl.com\/es\/wp-json\/wp\/v2\/types\/page"}],"author":[{"embeddable":true,"href":"https:\/\/mytradingfl.com\/es\/wp-json\/wp\/v2\/users\/1"}],"replies":[{"embeddable":true,"href":"https:\/\/mytradingfl.com\/es\/wp-json\/wp\/v2\/comments?post=1833"}],"version-history":[{"count":4,"href":"https:\/\/mytradingfl.com\/es\/wp-json\/wp\/v2\/pages\/1833\/revisions"}],"predecessor-version":[{"id":1848,"href":"https:\/\/mytradingfl.com\/es\/wp-json\/wp\/v2\/pages\/1833\/revisions\/1848"}],"wp:attachment":[{"href":"https:\/\/mytradingfl.com\/es\/wp-json\/wp\/v2\/media?parent=1833"}],"curies":[{"name":"wp","href":"https:\/\/api.w.org\/{rel}","templated":true}]}}