{"id":1818,"date":"2024-05-28T20:37:51","date_gmt":"2024-05-28T20:37:51","guid":{"rendered":"https:\/\/mytradingfl.com\/terms-and-conditions\/"},"modified":"2024-05-31T16:18:34","modified_gmt":"2024-05-31T16:18:34","slug":"terminos-y-condiciones","status":"publish","type":"page","link":"https:\/\/mytradingfl.com\/es\/terminos-y-condiciones\/","title":{"rendered":"T\u00e9rminos y condiciones"},"content":{"rendered":"\t\t<div data-elementor-type=\"wp-page\" data-elementor-id=\"1818\" class=\"elementor elementor-1818 elementor-1721\" data-elementor-post-type=\"page\">\n\t\t\t\t<div class=\"elementor-element elementor-element-4be82419 e-flex e-con-boxed e-con e-parent\" data-id=\"4be82419\" data-element_type=\"container\" data-e-type=\"container\">\n\t\t\t\t\t<div class=\"e-con-inner\">\n\t\t\t\t<div class=\"elementor-element elementor-element-6d750168 elementor-widget elementor-widget-text-editor\" data-id=\"6d750168\" data-element_type=\"widget\" data-e-type=\"widget\" data-widget_type=\"text-editor.default\">\n\t\t\t\t<div class=\"elementor-widget-container\">\n\t\t\t\t\t\t\t\t\t<p><strong>M\u00e9todos de Env\u00edo.<\/strong><\/p><p>My Trading Florida Inc. ofrece varios m\u00e9todos de env\u00edo a elecci\u00f3n de los clientes. La tarifa de env\u00edo depende de la distancia, el peso y la dimensi\u00f3n. Los clientes pueden recogerlos ellos mismos o su transportista.<\/p><p>Ofrecemos una empresa de transporte externa como UPS Ground, adem\u00e1s de varios m\u00e9todos de env\u00edo LTL (el cliente ser\u00e1 responsable de los gastos de env\u00edo).<\/p><p><strong>Cantidad m\u00ednima de pedido. (MOQ)<\/strong><\/p><p>la mayor\u00eda de los productos vienen en una caja o un paquete interno, y la cantidad de piezas que debe haber en una caja de cart\u00f3n o un paquete depende del producto que solicit\u00f3; comun\u00edquese con nuestro representante de ventas para obtener confirmaci\u00f3n.<\/p><p><strong>M\u00e9todos de Pago<\/strong><\/p><p>Todos los productos se enviar\u00e1n una vez que recibamos el pago. Aceptamos efectivo, tarjeta de cr\u00e9dito con una tarifa del 3% y transferencia bancaria con una tarifa de $25.00 dolares.<\/p><p><strong>Garantizamos que todos los pagos son seguros y confidenciales.<\/strong><\/p><p>IMPUESTO: Se cobrar\u00e1n impuestos sobre las ventas en todos los pedidos sin un n\u00famero de reventa v\u00e1lido.<\/p><p><strong>Devoluciones<\/strong>.<\/p><p>No se aceptar\u00e1n productos devueltos sin un n\u00famero RMA autorizado.<\/p><p>S\u00f3lo se pueden devolver mercanc\u00edas con defectos de fabricaci\u00f3n dentro de los 2 d\u00edas posteriores a la recepci\u00f3n de la mercanc\u00eda. Los clientes deben informar los art\u00edculos faltantes del pedido en un plazo de 2 d\u00edas. Todas las devoluciones deben realizarse en la caja y el empaque original.<\/p><p>El cliente correr\u00e1 con todos los gastos de env\u00edo de los productos devueltos. Los art\u00edculos deben estar sin usar, sin da\u00f1os y en su embalaje original. De lo contrario, el comprador es responsable de todos los cargos incurridos y no se emitir\u00e1 ning\u00fan reembolso.<\/p><p>Liquidaciones, art\u00edculos en oferta especial y art\u00edculos promocionales no son reembolsables.<\/p>\t\t\t\t\t\t\t\t<\/div>\n\t\t\t\t<\/div>\n\t\t\t\t\t<\/div>\n\t\t\t\t<\/div>\n\t\t\t\t<\/div>\n\t\t","protected":false},"excerpt":{"rendered":"<p>M\u00e9todos de Env\u00edo. My Trading Florida Inc. ofrece varios m\u00e9todos de env\u00edo a elecci\u00f3n de los clientes. La tarifa de env\u00edo depende de la distancia, el peso y la dimensi\u00f3n. Los clientes pueden recogerlos ellos mismos o su transportista. Ofrecemos una empresa de transporte externa como UPS Ground, adem\u00e1s de varios m\u00e9todos de env\u00edo LTL [&hellip;]<\/p>\n","protected":false},"author":1,"featured_media":0,"parent":0,"menu_order":0,"comment_status":"closed","ping_status":"closed","template":"","meta":{"site-sidebar-layout":"default","site-content-layout":"","ast-site-content-layout":"default","site-content-style":"default","site-sidebar-style":"default","ast-global-header-display":"","ast-banner-title-visibility":"","ast-main-header-display":"","ast-hfb-above-header-display":"","ast-hfb-below-header-display":"","ast-hfb-mobile-header-display":"","site-post-title":"","ast-breadcrumbs-content":"","ast-featured-img":"","footer-sml-layout":"","ast-disable-related-posts":"","theme-transparent-header-meta":"","adv-header-id-meta":"","stick-header-meta":"","header-above-stick-meta":"","header-main-stick-meta":"","header-below-stick-meta":"","astra-migrate-meta-layouts":"set","ast-page-background-enabled":"default","ast-page-background-meta":{"desktop":{"background-color":"","background-image":"","background-repeat":"repeat","background-position":"center center","background-size":"auto","background-attachment":"scroll","background-type":"","background-media":"","overlay-type":"","overlay-color":"","overlay-opacity":"","overlay-gradient":""},"tablet":{"background-color":"","background-image":"","background-repeat":"repeat","background-position":"center center","background-size":"auto","background-attachment":"scroll","background-type":"","background-media":"","overlay-type":"","overlay-color":"","overlay-opacity":"","overlay-gradient":""},"mobile":{"background-color":"","background-image":"","background-repeat":"repeat","background-position":"center center","background-size":"auto","background-attachment":"scroll","background-type":"","background-media":"","overlay-type":"","overlay-color":"","overlay-opacity":"","overlay-gradient":""}},"ast-content-background-meta":{"desktop":{"background-color":"var(--ast-global-color-5)","background-image":"","background-repeat":"repeat","background-position":"center center","background-size":"auto","background-attachment":"scroll","background-type":"","background-media":"","overlay-type":"","overlay-color":"","overlay-opacity":"","overlay-gradient":""},"tablet":{"background-color":"var(--ast-global-color-5)","background-image":"","background-repeat":"repeat","background-position":"center center","background-size":"auto","background-attachment":"scroll","background-type":"","background-media":"","overlay-type":"","overlay-color":"","overlay-opacity":"","overlay-gradient":""},"mobile":{"background-color":"var(--ast-global-color-5)","background-image":"","background-repeat":"repeat","background-position":"center center","background-size":"auto","background-attachment":"scroll","background-type":"","background-media":"","overlay-type":"","overlay-color":"","overlay-opacity":"","overlay-gradient":""}},"_joinchat":[],"footnotes":""},"class_list":["post-1818","page","type-page","status-publish","hentry"],"aioseo_notices":[],"_links":{"self":[{"href":"https:\/\/mytradingfl.com\/es\/wp-json\/wp\/v2\/pages\/1818","targetHints":{"allow":["GET"]}}],"collection":[{"href":"https:\/\/mytradingfl.com\/es\/wp-json\/wp\/v2\/pages"}],"about":[{"href":"https:\/\/mytradingfl.com\/es\/wp-json\/wp\/v2\/types\/page"}],"author":[{"embeddable":true,"href":"https:\/\/mytradingfl.com\/es\/wp-json\/wp\/v2\/users\/1"}],"replies":[{"embeddable":true,"href":"https:\/\/mytradingfl.com\/es\/wp-json\/wp\/v2\/comments?post=1818"}],"version-history":[{"count":7,"href":"https:\/\/mytradingfl.com\/es\/wp-json\/wp\/v2\/pages\/1818\/revisions"}],"predecessor-version":[{"id":1854,"href":"https:\/\/mytradingfl.com\/es\/wp-json\/wp\/v2\/pages\/1818\/revisions\/1854"}],"wp:attachment":[{"href":"https:\/\/mytradingfl.com\/es\/wp-json\/wp\/v2\/media?parent=1818"}],"curies":[{"name":"wp","href":"https:\/\/api.w.org\/{rel}","templated":true}]}}